{"id":1237,"date":"2024-05-31T10:48:25","date_gmt":"2024-05-31T13:48:25","guid":{"rendered":"https:\/\/brasilacres.com.br\/site\/?page_id=1237"},"modified":"2024-05-31T11:23:07","modified_gmt":"2024-05-31T14:23:07","slug":"termos-e-servicos","status":"publish","type":"page","link":"https:\/\/brasilacres.com.br\/site\/termos-e-servicos\/","title":{"rendered":"TERMOS E SERVI\u00c7OS"},"content":{"rendered":"\t\t<div data-elementor-type=\"wp-page\" data-elementor-id=\"1237\" class=\"elementor elementor-1237\" data-elementor-post-type=\"page\">\n\t\t\t\t<div class=\"elementor-element elementor-element-a575d60 e-flex e-con-boxed e-con e-parent\" data-id=\"a575d60\" data-element_type=\"container\" data-e-type=\"container\">\n\t\t\t\t\t<div class=\"e-con-inner\">\n\t\t\t\t<div class=\"elementor-element elementor-element-2b9a9ad elementor-widget elementor-widget-text-editor\" data-id=\"2b9a9ad\" data-element_type=\"widget\" data-e-type=\"widget\" data-widget_type=\"text-editor.default\">\n\t\t\t\t<div class=\"elementor-widget-container\">\n\t\t\t\t\t\t\t\t\t<div class=\"title-container row p-relative\" data-store=\"page-title\"><div class=\"container-fluid \"><h3 class=\"clear-both\">Trocas e Devolu\u00e7\u00f5es<\/h3><\/div><\/div><div class=\"user-content\"><p><strong>Detalhes como Nossos Clientes podem fazer eventuais Trocas ou Devolu\u00e7\u00f5es:<\/strong><\/p><p>Voc\u00ea pode trocar ou devolver os produtos comprados:<\/p><ol><li>Em qualquer um de nossas lojas, com o ticket de compra<\/li><li>Da sua casa, enviando um e-mail para\u00a0contato@seloplast.com.br. N\u00f3s vamos entrar em contato o mais r\u00e1pido poss\u00edvel!<\/li><\/ol><p>As devolu\u00e7\u00f5es s\u00f3 podem ser feitas dentro dos 7 dias ap\u00f3s a compra<\/p><\/div>\t\t\t\t\t\t\t\t<\/div>\n\t\t\t\t<\/div>\n\t\t\t\t\t<\/div>\n\t\t\t\t<\/div>\n\t\t\t\t<\/div>\n\t\t","protected":false},"excerpt":{"rendered":"<p>Trocas e Devolu\u00e7\u00f5es Detalhes como Nossos Clientes podem fazer eventuais Trocas ou Devolu\u00e7\u00f5es: Voc\u00ea pode trocar ou devolver os produtos [&hellip;]<\/p>\n","protected":false},"author":1,"featured_media":0,"parent":0,"menu_order":0,"comment_status":"closed","ping_status":"closed","template":"","meta":{"site-sidebar-layout":"no-sidebar","site-content-layout":"","ast-site-content-layout":"full-width-container","site-content-style":"default","site-sidebar-style":"default","ast-global-header-display":"","ast-banner-title-visibility":"","ast-main-header-display":"","ast-hfb-above-header-display":"","ast-hfb-below-header-display":"","ast-hfb-mobile-header-display":"","site-post-title":"disabled","ast-breadcrumbs-content":"","ast-featured-img":"disabled","footer-sml-layout":"","ast-disable-related-posts":"","theme-transparent-header-meta":"","adv-header-id-meta":"","stick-header-meta":"","header-above-stick-meta":"","header-main-stick-meta":"","header-below-stick-meta":"","astra-migrate-meta-layouts":"default","ast-page-background-enabled":"default","ast-page-background-meta":{"desktop":{"background-color":"var(--ast-global-color-4)","background-image":"","background-repeat":"repeat","background-position":"center center","background-size":"auto","background-attachment":"scroll","background-type":"","background-media":"","overlay-type":"","overlay-color":"","overlay-opacity":"","overlay-gradient":""},"tablet":{"background-color":"","background-image":"","background-repeat":"repeat","background-position":"center center","background-size":"auto","background-attachment":"scroll","background-type":"","background-media":"","overlay-type":"","overlay-color":"","overlay-opacity":"","overlay-gradient":""},"mobile":{"background-color":"","background-image":"","background-repeat":"repeat","background-position":"center center","background-size":"auto","background-attachment":"scroll","background-type":"","background-media":"","overlay-type":"","overlay-color":"","overlay-opacity":"","overlay-gradient":""}},"ast-content-background-meta":{"desktop":{"background-color":"var(--ast-global-color-5)","background-image":"","background-repeat":"repeat","background-position":"center center","background-size":"auto","background-attachment":"scroll","background-type":"","background-media":"","overlay-type":"","overlay-color":"","overlay-opacity":"","overlay-gradient":""},"tablet":{"background-color":"var(--ast-global-color-5)","background-image":"","background-repeat":"repeat","background-position":"center center","background-size":"auto","background-attachment":"scroll","background-type":"","background-media":"","overlay-type":"","overlay-color":"","overlay-opacity":"","overlay-gradient":""},"mobile":{"background-color":"var(--ast-global-color-5)","background-image":"","background-repeat":"repeat","background-position":"center center","background-size":"auto","background-attachment":"scroll","background-type":"","background-media":"","overlay-type":"","overlay-color":"","overlay-opacity":"","overlay-gradient":""}},"footnotes":""},"class_list":["post-1237","page","type-page","status-publish","hentry"],"_links":{"self":[{"href":"https:\/\/brasilacres.com.br\/site\/wp-json\/wp\/v2\/pages\/1237","targetHints":{"allow":["GET"]}}],"collection":[{"href":"https:\/\/brasilacres.com.br\/site\/wp-json\/wp\/v2\/pages"}],"about":[{"href":"https:\/\/brasilacres.com.br\/site\/wp-json\/wp\/v2\/types\/page"}],"author":[{"embeddable":true,"href":"https:\/\/brasilacres.com.br\/site\/wp-json\/wp\/v2\/users\/1"}],"replies":[{"embeddable":true,"href":"https:\/\/brasilacres.com.br\/site\/wp-json\/wp\/v2\/comments?post=1237"}],"version-history":[{"count":4,"href":"https:\/\/brasilacres.com.br\/site\/wp-json\/wp\/v2\/pages\/1237\/revisions"}],"predecessor-version":[{"id":1268,"href":"https:\/\/brasilacres.com.br\/site\/wp-json\/wp\/v2\/pages\/1237\/revisions\/1268"}],"wp:attachment":[{"href":"https:\/\/brasilacres.com.br\/site\/wp-json\/wp\/v2\/media?parent=1237"}],"curies":[{"name":"wp","href":"https:\/\/api.w.org\/{rel}","templated":true}]}}