{"id":1809,"date":"2024-06-05T16:58:26","date_gmt":"2024-06-05T19:58:26","guid":{"rendered":"https:\/\/brasilacres.com.br\/site\/?page_id=1809"},"modified":"2024-10-07T10:41:11","modified_gmt":"2024-10-07T13:41:11","slug":"ancora_policarbonato_2_4_trava_descricao","status":"publish","type":"page","link":"https:\/\/brasilacres.com.br\/site\/ancora_policarbonato_2_4_trava_descricao\/","title":{"rendered":"ANCORA_POLICARBONATO_2_TRAVA_DESCRICAO"},"content":{"rendered":"\t\t<div data-elementor-type=\"wp-page\" data-elementor-id=\"1809\" class=\"elementor elementor-1809\" data-elementor-post-type=\"page\">\n\t\t\t\t<div class=\"elementor-element elementor-element-1c586a2 e-flex e-con-boxed e-con e-parent\" data-id=\"1c586a2\" data-element_type=\"container\" data-e-type=\"container\">\n\t\t\t\t\t<div class=\"e-con-inner\">\n\t\t\t\t<div class=\"elementor-element elementor-element-2b581bc zoooom elementor-widget elementor-widget-image\" data-id=\"2b581bc\" data-element_type=\"widget\" data-e-type=\"widget\" data-widget_type=\"image.default\">\n\t\t\t\t<div class=\"elementor-widget-container\">\n\t\t\t\t\t\t\t\t\t\t\t\t\t\t\t<img fetchpriority=\"high\" decoding=\"async\" width=\"1024\" height=\"819\" src=\"https:\/\/brasilacres.com.br\/site\/wp-content\/uploads\/2024\/10\/Ancora-Policarbonato-2-Travas-1024x819.jpg\" class=\"attachment-large size-large wp-image-3834\" alt=\"\" srcset=\"https:\/\/brasilacres.com.br\/site\/wp-content\/uploads\/2024\/10\/Ancora-Policarbonato-2-Travas-1024x819.jpg 1024w, https:\/\/brasilacres.com.br\/site\/wp-content\/uploads\/2024\/10\/Ancora-Policarbonato-2-Travas-300x240.jpg 300w, https:\/\/brasilacres.com.br\/site\/wp-content\/uploads\/2024\/10\/Ancora-Policarbonato-2-Travas-768x614.jpg 768w, https:\/\/brasilacres.com.br\/site\/wp-content\/uploads\/2024\/10\/Ancora-Policarbonato-2-Travas.jpg 1200w\" sizes=\"(max-width: 1024px) 100vw, 1024px\" \/>\t\t\t\t\t\t\t\t\t\t\t\t\t\t\t<\/div>\n\t\t\t\t<\/div>\n\t\t\t\t\t<\/div>\n\t\t\t\t<\/div>\n\t\t<div class=\"elementor-element elementor-element-f7b98b5 e-grid e-con-boxed e-con e-parent\" data-id=\"f7b98b5\" data-element_type=\"container\" data-e-type=\"container\">\n\t\t\t\t\t<div class=\"e-con-inner\">\n\t\t\t\t<div class=\"elementor-element elementor-element-03515f7 elementor-widget elementor-widget-text-editor\" data-id=\"03515f7\" data-element_type=\"widget\" data-e-type=\"widget\" data-widget_type=\"text-editor.default\">\n\t\t\t\t<div class=\"elementor-widget-container\">\n\t\t\t\t\t\t\t\t\t<h4>Modelo: BR 2<\/h4><div><strong>\u00c2ncora 2 travas<\/strong><\/div><ul><li><strong>Material:<\/strong> Policarbonato PC<\/li><li><strong>Tamanho geral:<\/strong> 5cm<\/li><li><strong>Altura da trava:<\/strong> 1.5cm<\/li><li><strong>Comprimento da aste:<\/strong> 1.5cm<\/li><li><strong>Altura da capsula:<\/strong> 1.5cm<\/li><li><strong>Altura plaqueta: <\/strong>3.5cm<\/li><li><strong>Trava:<\/strong> 2 Travas<\/li><li><strong>Numera\u00e7\u00e3o<\/strong>: 7 d\u00edgitos (Aleat\u00f3ria \/ N\u00e3o Repetidos)<\/li><\/ul>\t\t\t\t\t\t\t\t<\/div>\n\t\t\t\t<\/div>\n\t\t\t\t\t<\/div>\n\t\t\t\t<\/div>\n\t\t<div class=\"elementor-element elementor-element-9f8bf96 e-flex e-con-boxed e-con e-parent\" data-id=\"9f8bf96\" data-element_type=\"container\" data-e-type=\"container\">\n\t\t\t\t\t<div class=\"e-con-inner\">\n\t\t\t\t<div class=\"elementor-element elementor-element-d035ea9 elementor-widget elementor-widget-text-editor\" data-id=\"d035ea9\" data-element_type=\"widget\" data-e-type=\"widget\" data-widget_type=\"text-editor.default\">\n\t\t\t\t<div class=\"elementor-widget-container\">\n\t\t\t\t\t\t\t\t\t<p>Lacre em Policarbonato virgem tipo especial com aditivo UV, resistente a qu\u00edmicas, polui\u00e7\u00e3o, etc.<br \/>Devido a sua transpar\u00eancia, em caso de tentativa de viola\u00e7\u00e3o deixa marcas evidentes da fraude, pois permite visualizar o travamento interno.<\/p><p><strong>Aplica\u00e7\u00f5es<\/strong>: Empresas de Transportes de Cargas, Valores e Combustiveis, Ind\u00fastria Farmac\u00eautica, Ind\u00fastria Quimica, Usinas, Containeres, Medidores de Energia, Hidr\u00f4metros, Pain\u00e9is El\u00e9tricos, Bombonas, Balan\u00e7as, entre outras finalidades.<\/p><p><strong>Grava\u00e7\u00e3o a laser:<\/strong> \u00a0cria marca\u00e7\u00f5es indel\u00e9veis no lacre, imposs\u00edveis de remover sem danific\u00e1-lo. O processo \u00e9 vers\u00e1til, permitindo v\u00e1rias combina\u00e7\u00f5es de numera\u00e7\u00e3o, c\u00f3digos de barras e logomarca do cliente.<\/p><p><strong>Grava\u00e7\u00e3o Hot-stamping:<\/strong> \u00e9 utilizado para criar uma marca\u00e7\u00e3o em baixo relevo indel\u00e9vel no material pl\u00e1stico. A numera\u00e7\u00e3o cronol\u00f3gica tem sete d\u00edgitos com ou sem a logomarca do cliente.<\/p><p><strong>Cores<\/strong>: Azul, Laranja, Amarelo, Vermelho, Verde, Cinza, Preto e Branco.<\/p>\t\t\t\t\t\t\t\t<\/div>\n\t\t\t\t<\/div>\n\t\t\t\t\t<\/div>\n\t\t\t\t<\/div>\n\t\t<div class=\"elementor-element elementor-element-d1187f4 e-con-full e-flex e-con e-parent\" data-id=\"d1187f4\" data-element_type=\"container\" data-e-type=\"container\">\n\t\t\t\t<div class=\"elementor-element elementor-element-65f7371 elementor-widget__width-initial elementor-widget elementor-widget-image\" data-id=\"65f7371\" data-element_type=\"widget\" data-e-type=\"widget\" data-widget_type=\"image.default\">\n\t\t\t\t<div class=\"elementor-widget-container\">\n\t\t\t\t\t\t\t\t\t\t\t\t\t\t\t<img decoding=\"async\" width=\"239\" height=\"30\" src=\"https:\/\/brasilacres.com.br\/site\/wp-content\/uploads\/2024\/06\/colors.png\" class=\"attachment-full size-full wp-image-1670\" alt=\"\" \/>\t\t\t\t\t\t\t\t\t\t\t\t\t\t\t<\/div>\n\t\t\t\t<\/div>\n\t\t\t\t<\/div>\n\t\t<div class=\"elementor-element elementor-element-e5d24d2 e-flex e-con-boxed e-con e-parent\" data-id=\"e5d24d2\" data-element_type=\"container\" data-e-type=\"container\">\n\t\t\t\t\t<div class=\"e-con-inner\">\n\t\t\t\t<div class=\"elementor-element elementor-element-a6417ca elementor-widget elementor-widget-text-editor\" data-id=\"a6417ca\" data-element_type=\"widget\" data-e-type=\"widget\" data-widget_type=\"text-editor.default\">\n\t\t\t\t<div class=\"elementor-widget-container\">\n\t\t\t\t\t\t\t\t\tCentral de Vendas: (11) 2614-7342 &#8211; (11) 2614-7341 &#8211; WhatsApp: (11) 2614-7343 <br>Av. Raimundo Pereira de Magalh\u00e3es n\u00ba 11.773 &#8211; Jd. Pirituba &#8211; S\u00e3o Paulo &#8211; SP <br>CNPJ: 37.568.022\/0001-62 &#8211; I.E: 129.169.811.114\t\t\t\t\t\t\t\t<\/div>\n\t\t\t\t<\/div>\n\t\t\t\t\t<\/div>\n\t\t\t\t<\/div>\n\t\t\t\t<\/div>\n\t\t","protected":false},"excerpt":{"rendered":"<p>Modelo: BR 2 \u00c2ncora 2 travas Material: Policarbonato PC Tamanho geral: 5cm Altura da trava: 1.5cm Comprimento da aste: 1.5cm [&hellip;]<\/p>\n","protected":false},"author":1,"featured_media":0,"parent":0,"menu_order":0,"comment_status":"closed","ping_status":"closed","template":"","meta":{"site-sidebar-layout":"no-sidebar","site-content-layout":"","ast-site-content-layout":"full-width-container","site-content-style":"default","site-sidebar-style":"default","ast-global-header-display":"","ast-banner-title-visibility":"","ast-main-header-display":"","ast-hfb-above-header-display":"","ast-hfb-below-header-display":"","ast-hfb-mobile-header-display":"","site-post-title":"disabled","ast-breadcrumbs-content":"","ast-featured-img":"disabled","footer-sml-layout":"","ast-disable-related-posts":"","theme-transparent-header-meta":"","adv-header-id-meta":"","stick-header-meta":"","header-above-stick-meta":"","header-main-stick-meta":"","header-below-stick-meta":"","astra-migrate-meta-layouts":"default","ast-page-background-enabled":"default","ast-page-background-meta":{"desktop":{"background-color":"var(--ast-global-color-4)","background-image":"","background-repeat":"repeat","background-position":"center center","background-size":"auto","background-attachment":"scroll","background-type":"","background-media":"","overlay-type":"","overlay-color":"","overlay-opacity":"","overlay-gradient":""},"tablet":{"background-color":"","background-image":"","background-repeat":"repeat","background-position":"center center","background-size":"auto","background-attachment":"scroll","background-type":"","background-media":"","overlay-type":"","overlay-color":"","overlay-opacity":"","overlay-gradient":""},"mobile":{"background-color":"","background-image":"","background-repeat":"repeat","background-position":"center center","background-size":"auto","background-attachment":"scroll","background-type":"","background-media":"","overlay-type":"","overlay-color":"","overlay-opacity":"","overlay-gradient":""}},"ast-content-background-meta":{"desktop":{"background-color":"var(--ast-global-color-5)","background-image":"","background-repeat":"repeat","background-position":"center center","background-size":"auto","background-attachment":"scroll","background-type":"","background-media":"","overlay-type":"","overlay-color":"","overlay-opacity":"","overlay-gradient":""},"tablet":{"background-color":"var(--ast-global-color-5)","background-image":"","background-repeat":"repeat","background-position":"center center","background-size":"auto","background-attachment":"scroll","background-type":"","background-media":"","overlay-type":"","overlay-color":"","overlay-opacity":"","overlay-gradient":""},"mobile":{"background-color":"var(--ast-global-color-5)","background-image":"","background-repeat":"repeat","background-position":"center center","background-size":"auto","background-attachment":"scroll","background-type":"","background-media":"","overlay-type":"","overlay-color":"","overlay-opacity":"","overlay-gradient":""}},"footnotes":""},"class_list":["post-1809","page","type-page","status-publish","hentry"],"_links":{"self":[{"href":"https:\/\/brasilacres.com.br\/site\/wp-json\/wp\/v2\/pages\/1809","targetHints":{"allow":["GET"]}}],"collection":[{"href":"https:\/\/brasilacres.com.br\/site\/wp-json\/wp\/v2\/pages"}],"about":[{"href":"https:\/\/brasilacres.com.br\/site\/wp-json\/wp\/v2\/types\/page"}],"author":[{"embeddable":true,"href":"https:\/\/brasilacres.com.br\/site\/wp-json\/wp\/v2\/users\/1"}],"replies":[{"embeddable":true,"href":"https:\/\/brasilacres.com.br\/site\/wp-json\/wp\/v2\/comments?post=1809"}],"version-history":[{"count":68,"href":"https:\/\/brasilacres.com.br\/site\/wp-json\/wp\/v2\/pages\/1809\/revisions"}],"predecessor-version":[{"id":3873,"href":"https:\/\/brasilacres.com.br\/site\/wp-json\/wp\/v2\/pages\/1809\/revisions\/3873"}],"wp:attachment":[{"href":"https:\/\/brasilacres.com.br\/site\/wp-json\/wp\/v2\/media?parent=1809"}],"curies":[{"name":"wp","href":"https:\/\/api.w.org\/{rel}","templated":true}]}}