{"id":1923,"date":"2024-06-06T14:15:26","date_gmt":"2024-06-06T17:15:26","guid":{"rendered":"https:\/\/brasilacres.com.br\/site\/?page_id=1923"},"modified":"2024-10-02T11:52:08","modified_gmt":"2024-10-02T14:52:08","slug":"lacre_demetal_tipo_chavinha_descricao","status":"publish","type":"page","link":"https:\/\/brasilacres.com.br\/site\/lacre_demetal_tipo_chavinha_descricao\/","title":{"rendered":"LACRE_DE_METAL_TIPO_CHAVINHA_DESCRICAO"},"content":{"rendered":"\t\t<div data-elementor-type=\"wp-page\" data-elementor-id=\"1923\" class=\"elementor elementor-1923\" data-elementor-post-type=\"page\">\n\t\t\t\t<div class=\"elementor-element elementor-element-272864b e-flex e-con-boxed e-con e-parent\" data-id=\"272864b\" data-element_type=\"container\" data-e-type=\"container\">\n\t\t\t\t\t<div class=\"e-con-inner\">\n\t\t\t\t<div class=\"elementor-element elementor-element-b97ccc4 zoooom elementor-widget elementor-widget-image\" data-id=\"b97ccc4\" data-element_type=\"widget\" data-e-type=\"widget\" data-widget_type=\"image.default\">\n\t\t\t\t<div class=\"elementor-widget-container\">\n\t\t\t\t\t\t\t\t\t\t\t\t\t\t\t<img fetchpriority=\"high\" decoding=\"async\" width=\"1024\" height=\"819\" src=\"https:\/\/brasilacres.com.br\/site\/wp-content\/uploads\/2024\/10\/Lacre-de-Metal-tipo-chavinha-1024x819.jpg\" class=\"attachment-large size-large wp-image-3792\" alt=\"\" srcset=\"https:\/\/brasilacres.com.br\/site\/wp-content\/uploads\/2024\/10\/Lacre-de-Metal-tipo-chavinha-1024x819.jpg 1024w, https:\/\/brasilacres.com.br\/site\/wp-content\/uploads\/2024\/10\/Lacre-de-Metal-tipo-chavinha-300x240.jpg 300w, https:\/\/brasilacres.com.br\/site\/wp-content\/uploads\/2024\/10\/Lacre-de-Metal-tipo-chavinha-768x614.jpg 768w, https:\/\/brasilacres.com.br\/site\/wp-content\/uploads\/2024\/10\/Lacre-de-Metal-tipo-chavinha.jpg 1200w\" sizes=\"(max-width: 1024px) 100vw, 1024px\" \/>\t\t\t\t\t\t\t\t\t\t\t\t\t\t\t<\/div>\n\t\t\t\t<\/div>\n\t\t\t\t\t<\/div>\n\t\t\t\t<\/div>\n\t\t<div class=\"elementor-element elementor-element-72784b3 e-grid e-con-boxed e-con e-parent\" data-id=\"72784b3\" data-element_type=\"container\" data-e-type=\"container\">\n\t\t\t\t\t<div class=\"e-con-inner\">\n\t\t\t\t<div class=\"elementor-element elementor-element-91c3036 elementor-widget elementor-widget-text-editor\" data-id=\"91c3036\" data-element_type=\"widget\" data-e-type=\"widget\" data-widget_type=\"text-editor.default\">\n\t\t\t\t<div class=\"elementor-widget-container\">\n\t\t\t\t\t\t\t\t\t<h4>Modelo: BR 71<\/h4><div><strong>Lacre de metal tipo chavinha<\/strong><\/div><ul><li><strong>Material:<\/strong> Zamac Injetado sobrePress\u00e3o<\/li><li><strong>Tamanho geral:<\/strong> Cordoalha tamanho opcional<\/li><li><strong>Altura da manivela:<\/strong> 1.5cm<\/li><li><strong>Comprimento da manivela:<\/strong> 2.5cm<\/li><li><strong>Altura da plaqueta:<\/strong> 2cm<\/li><li><strong>Tamanho cordoalha: <\/strong>Opicional<\/li><li><strong>Espessura cordoalha:<\/strong> 0.01cm<\/li><li><strong>Trava:<\/strong> Sem Acessos ao Terminal<\/li><li><strong>Numera\u00e7\u00e3o<\/strong>: 7 d\u00edgitos (Aleat\u00f3ria \/ N\u00e3o Repetidos)<\/li><\/ul>\t\t\t\t\t\t\t\t<\/div>\n\t\t\t\t<\/div>\n\t\t\t\t\t<\/div>\n\t\t\t\t<\/div>\n\t\t<div class=\"elementor-element elementor-element-48a1382 e-flex e-con-boxed e-con e-parent\" data-id=\"48a1382\" data-element_type=\"container\" data-e-type=\"container\">\n\t\t\t\t\t<div class=\"e-con-inner\">\n\t\t\t\t<div class=\"elementor-element elementor-element-b9ba12f elementor-widget elementor-widget-text-editor\" data-id=\"b9ba12f\" data-element_type=\"widget\" data-e-type=\"widget\" data-widget_type=\"text-editor.default\">\n\t\t\t\t<div class=\"elementor-widget-container\">\n\t\t\t\t\t\t\t\t\t<p>Lacre de seguran\u00e7a, para utiliza\u00e7\u00e3o contra qualquer ato de viola\u00e7\u00e3o, com dispositivo desenvolvido para prote\u00e7\u00e3o do inv\u00f3lucro, sendo blindado e n\u00e3o tendo acesso ao terminal (trava), nem contra modifica\u00e7\u00e3o, ajuste ou remo\u00e7\u00e3o de conte\u00fado.<\/p><p><strong>Aplica\u00e7\u00f5es<\/strong>: Empresas de Transportes de Cargas, Valores e Combustiveis, Ind\u00fastria Farmac\u00eautica, Ind\u00fastria Quimica, Usinas, Containeres Embalagens, entre outras finalidades.<\/p><p><strong>Grava\u00e7\u00e3o a laser:<\/strong> \u00a0cria marca\u00e7\u00f5es indel\u00e9veis no lacre, imposs\u00edveis de remover sem danific\u00e1-lo. O processo \u00e9 vers\u00e1til, permitindo v\u00e1rias combina\u00e7\u00f5es de numera\u00e7\u00e3o, c\u00f3digos de barras e logomarca do cliente.<\/p><p><strong>Cores<\/strong>: Azul, Laranja, Amarelo, Vermelho, Verde, Cinza, Preto e Branco.<\/p>\t\t\t\t\t\t\t\t<\/div>\n\t\t\t\t<\/div>\n\t\t\t\t\t<\/div>\n\t\t\t\t<\/div>\n\t\t<div class=\"elementor-element elementor-element-2da689f e-flex e-con-boxed e-con e-parent\" data-id=\"2da689f\" data-element_type=\"container\" data-e-type=\"container\">\n\t\t\t\t\t<div class=\"e-con-inner\">\n\t\t\t\t<div class=\"elementor-element elementor-element-f936532 elementor-widget__width-initial elementor-widget elementor-widget-image\" data-id=\"f936532\" data-element_type=\"widget\" data-e-type=\"widget\" data-widget_type=\"image.default\">\n\t\t\t\t<div class=\"elementor-widget-container\">\n\t\t\t\t\t\t\t\t\t\t\t\t\t\t\t<img decoding=\"async\" width=\"239\" height=\"30\" src=\"https:\/\/brasilacres.com.br\/site\/wp-content\/uploads\/2024\/06\/colors.png\" class=\"attachment-full size-full wp-image-1670\" alt=\"\" \/>\t\t\t\t\t\t\t\t\t\t\t\t\t\t\t<\/div>\n\t\t\t\t<\/div>\n\t\t\t\t\t<\/div>\n\t\t\t\t<\/div>\n\t\t<div class=\"elementor-element elementor-element-82c6660 e-flex e-con-boxed e-con e-parent\" data-id=\"82c6660\" data-element_type=\"container\" data-e-type=\"container\">\n\t\t\t\t\t<div class=\"e-con-inner\">\n\t\t\t\t<div class=\"elementor-element elementor-element-c3613e7 elementor-widget elementor-widget-text-editor\" data-id=\"c3613e7\" data-element_type=\"widget\" data-e-type=\"widget\" data-widget_type=\"text-editor.default\">\n\t\t\t\t<div class=\"elementor-widget-container\">\n\t\t\t\t\t\t\t\t\tCentral de Vendas: (11) 2614-7342 &#8211; (11) 2614-7341 &#8211; WhatsApp: (11) 2614-7343 <br>Av. Raimundo Pereira de Magalh\u00e3es n\u00ba 11.773 &#8211; Jd. Pirituba &#8211; S\u00e3o Paulo &#8211; SP <br>CNPJ: 37.568.022\/0001-62 &#8211; I.E: 129.169.811.114\t\t\t\t\t\t\t\t<\/div>\n\t\t\t\t<\/div>\n\t\t\t\t\t<\/div>\n\t\t\t\t<\/div>\n\t\t\t\t<\/div>\n\t\t","protected":false},"excerpt":{"rendered":"<p>Modelo: BR 71 Lacre de metal tipo chavinha Material: Zamac Injetado sobrePress\u00e3o Tamanho geral: Cordoalha tamanho opcional Altura da manivela: [&hellip;]<\/p>\n","protected":false},"author":1,"featured_media":0,"parent":0,"menu_order":0,"comment_status":"closed","ping_status":"closed","template":"","meta":{"site-sidebar-layout":"no-sidebar","site-content-layout":"","ast-site-content-layout":"full-width-container","site-content-style":"default","site-sidebar-style":"default","ast-global-header-display":"","ast-banner-title-visibility":"","ast-main-header-display":"","ast-hfb-above-header-display":"","ast-hfb-below-header-display":"","ast-hfb-mobile-header-display":"","site-post-title":"disabled","ast-breadcrumbs-content":"","ast-featured-img":"disabled","footer-sml-layout":"","ast-disable-related-posts":"","theme-transparent-header-meta":"","adv-header-id-meta":"","stick-header-meta":"","header-above-stick-meta":"","header-main-stick-meta":"","header-below-stick-meta":"","astra-migrate-meta-layouts":"default","ast-page-background-enabled":"default","ast-page-background-meta":{"desktop":{"background-color":"var(--ast-global-color-4)","background-image":"","background-repeat":"repeat","background-position":"center center","background-size":"auto","background-attachment":"scroll","background-type":"","background-media":"","overlay-type":"","overlay-color":"","overlay-opacity":"","overlay-gradient":""},"tablet":{"background-color":"","background-image":"","background-repeat":"repeat","background-position":"center center","background-size":"auto","background-attachment":"scroll","background-type":"","background-media":"","overlay-type":"","overlay-color":"","overlay-opacity":"","overlay-gradient":""},"mobile":{"background-color":"","background-image":"","background-repeat":"repeat","background-position":"center center","background-size":"auto","background-attachment":"scroll","background-type":"","background-media":"","overlay-type":"","overlay-color":"","overlay-opacity":"","overlay-gradient":""}},"ast-content-background-meta":{"desktop":{"background-color":"var(--ast-global-color-5)","background-image":"","background-repeat":"repeat","background-position":"center center","background-size":"auto","background-attachment":"scroll","background-type":"","background-media":"","overlay-type":"","overlay-color":"","overlay-opacity":"","overlay-gradient":""},"tablet":{"background-color":"var(--ast-global-color-5)","background-image":"","background-repeat":"repeat","background-position":"center center","background-size":"auto","background-attachment":"scroll","background-type":"","background-media":"","overlay-type":"","overlay-color":"","overlay-opacity":"","overlay-gradient":""},"mobile":{"background-color":"var(--ast-global-color-5)","background-image":"","background-repeat":"repeat","background-position":"center center","background-size":"auto","background-attachment":"scroll","background-type":"","background-media":"","overlay-type":"","overlay-color":"","overlay-opacity":"","overlay-gradient":""}},"footnotes":""},"class_list":["post-1923","page","type-page","status-publish","hentry"],"_links":{"self":[{"href":"https:\/\/brasilacres.com.br\/site\/wp-json\/wp\/v2\/pages\/1923","targetHints":{"allow":["GET"]}}],"collection":[{"href":"https:\/\/brasilacres.com.br\/site\/wp-json\/wp\/v2\/pages"}],"about":[{"href":"https:\/\/brasilacres.com.br\/site\/wp-json\/wp\/v2\/types\/page"}],"author":[{"embeddable":true,"href":"https:\/\/brasilacres.com.br\/site\/wp-json\/wp\/v2\/users\/1"}],"replies":[{"embeddable":true,"href":"https:\/\/brasilacres.com.br\/site\/wp-json\/wp\/v2\/comments?post=1923"}],"version-history":[{"count":32,"href":"https:\/\/brasilacres.com.br\/site\/wp-json\/wp\/v2\/pages\/1923\/revisions"}],"predecessor-version":[{"id":3795,"href":"https:\/\/brasilacres.com.br\/site\/wp-json\/wp\/v2\/pages\/1923\/revisions\/3795"}],"wp:attachment":[{"href":"https:\/\/brasilacres.com.br\/site\/wp-json\/wp\/v2\/media?parent=1923"}],"curies":[{"name":"wp","href":"https:\/\/api.w.org\/{rel}","templated":true}]}}