{"id":2005,"date":"2024-06-06T16:44:14","date_gmt":"2024-06-06T19:44:14","guid":{"rendered":"https:\/\/brasilacres.com.br\/site\/?page_id=2005"},"modified":"2024-09-27T10:45:40","modified_gmt":"2024-09-27T13:45:40","slug":"abracadeiras_descricao","status":"publish","type":"page","link":"https:\/\/brasilacres.com.br\/site\/abracadeiras_descricao\/","title":{"rendered":"ABRACADEIRAS_DESCRICAO"},"content":{"rendered":"\t\t<div data-elementor-type=\"wp-page\" data-elementor-id=\"2005\" class=\"elementor elementor-2005\" data-elementor-post-type=\"page\">\n\t\t\t\t<div class=\"elementor-element elementor-element-3764e15 e-con-full e-flex e-con e-parent\" data-id=\"3764e15\" data-element_type=\"container\" data-e-type=\"container\">\n\t\t\t\t<div class=\"elementor-element elementor-element-58f2d8d zoooom elementor-widget elementor-widget-image\" data-id=\"58f2d8d\" data-element_type=\"widget\" data-e-type=\"widget\" data-widget_type=\"image.default\">\n\t\t\t\t<div class=\"elementor-widget-container\">\n\t\t\t\t\t\t\t\t\t\t\t\t\t\t\t<img fetchpriority=\"high\" decoding=\"async\" width=\"1024\" height=\"819\" src=\"https:\/\/brasilacres.com.br\/site\/wp-content\/uploads\/2024\/09\/Abracadeiras-1-1024x819.jpg\" class=\"attachment-large size-large wp-image-3605\" alt=\"\" srcset=\"https:\/\/brasilacres.com.br\/site\/wp-content\/uploads\/2024\/09\/Abracadeiras-1-1024x819.jpg 1024w, https:\/\/brasilacres.com.br\/site\/wp-content\/uploads\/2024\/09\/Abracadeiras-1-300x240.jpg 300w, https:\/\/brasilacres.com.br\/site\/wp-content\/uploads\/2024\/09\/Abracadeiras-1-768x614.jpg 768w, https:\/\/brasilacres.com.br\/site\/wp-content\/uploads\/2024\/09\/Abracadeiras-1.jpg 1200w\" sizes=\"(max-width: 1024px) 100vw, 1024px\" \/>\t\t\t\t\t\t\t\t\t\t\t\t\t\t\t<\/div>\n\t\t\t\t<\/div>\n\t\t\t\t<\/div>\n\t\t<div class=\"elementor-element elementor-element-a493d76 e-grid e-con-boxed e-con e-parent\" data-id=\"a493d76\" data-element_type=\"container\" data-e-type=\"container\">\n\t\t\t\t\t<div class=\"e-con-inner\">\n\t\t\t\t<div class=\"elementor-element elementor-element-ce4aae4 elementor-widget elementor-widget-text-editor\" data-id=\"ce4aae4\" data-element_type=\"widget\" data-e-type=\"widget\" data-widget_type=\"text-editor.default\">\n\t\t\t\t<div class=\"elementor-widget-container\">\n\t\t\t\t\t\t\t\t\t<h4>Modelo: Abra\u00e7adeiras<\/h4><ul><li><strong>Material:<\/strong> Nylon 6.6<\/li><li><strong>Tamanho geral:<\/strong> Diversos tamanhos<\/li><li><strong>Dimens\u00f5es<\/strong>: Dispon\u00edvel em v\u00e1rias medidas, como 360 x 7,8mm, 280 x 3,6mm, e 7,8 x 540mm<\/li><li><strong>Material<\/strong>: Fabricada em Nylon 6.6, garantindo alta resist\u00eancia a tra\u00e7\u00e3o e durabilidade<\/li><li><strong>Cores:<\/strong> Branco e Preto.<\/li><\/ul>\t\t\t\t\t\t\t\t<\/div>\n\t\t\t\t<\/div>\n\t\t\t\t\t<\/div>\n\t\t\t\t<\/div>\n\t\t<div class=\"elementor-element elementor-element-97ed51d e-flex e-con-boxed e-con e-parent\" data-id=\"97ed51d\" data-element_type=\"container\" data-e-type=\"container\">\n\t\t\t\t\t<div class=\"e-con-inner\">\n\t\t\t\t<div class=\"elementor-element elementor-element-0b31765 elementor-widget__width-initial elementor-widget elementor-widget-image\" data-id=\"0b31765\" data-element_type=\"widget\" data-e-type=\"widget\" data-widget_type=\"image.default\">\n\t\t\t\t<div class=\"elementor-widget-container\">\n\t\t\t\t\t\t\t\t\t\t\t\t\t\t\t<img decoding=\"async\" width=\"239\" height=\"30\" src=\"https:\/\/brasilacres.com.br\/site\/wp-content\/uploads\/2024\/06\/colors.png\" class=\"attachment-full size-full wp-image-1670\" alt=\"\" \/>\t\t\t\t\t\t\t\t\t\t\t\t\t\t\t<\/div>\n\t\t\t\t<\/div>\n\t\t\t\t\t<\/div>\n\t\t\t\t<\/div>\n\t\t<div class=\"elementor-element elementor-element-144ee36 e-flex e-con-boxed e-con e-parent\" data-id=\"144ee36\" data-element_type=\"container\" data-e-type=\"container\">\n\t\t\t\t\t<div class=\"e-con-inner\">\n\t\t\t\t<div class=\"elementor-element elementor-element-b9b2520 elementor-widget elementor-widget-text-editor\" data-id=\"b9b2520\" data-element_type=\"widget\" data-e-type=\"widget\" data-widget_type=\"text-editor.default\">\n\t\t\t\t<div class=\"elementor-widget-container\">\n\t\t\t\t\t\t\t\t\tCentral de Vendas: (11) 2614-7342 &#8211; (11) 2614-7341 &#8211; WhatsApp: (11) 2614-7343 <br>Av. Raimundo Pereira de Magalh\u00e3es n\u00ba 11.773 &#8211; Jd. Pirituba &#8211; S\u00e3o Paulo &#8211; SP <br>CNPJ: 37.568.022\/0001-62 &#8211; I.E: 129.169.811.114\t\t\t\t\t\t\t\t<\/div>\n\t\t\t\t<\/div>\n\t\t\t\t\t<\/div>\n\t\t\t\t<\/div>\n\t\t\t\t<\/div>\n\t\t","protected":false},"excerpt":{"rendered":"<p>Modelo: Abra\u00e7adeiras Material: Nylon 6.6 Tamanho geral: Diversos tamanhos Dimens\u00f5es: Dispon\u00edvel em v\u00e1rias medidas, como 360 x 7,8mm, 280 x [&hellip;]<\/p>\n","protected":false},"author":1,"featured_media":0,"parent":0,"menu_order":0,"comment_status":"closed","ping_status":"closed","template":"","meta":{"site-sidebar-layout":"no-sidebar","site-content-layout":"","ast-site-content-layout":"full-width-container","site-content-style":"default","site-sidebar-style":"default","ast-global-header-display":"","ast-banner-title-visibility":"","ast-main-header-display":"","ast-hfb-above-header-display":"","ast-hfb-below-header-display":"","ast-hfb-mobile-header-display":"","site-post-title":"disabled","ast-breadcrumbs-content":"","ast-featured-img":"disabled","footer-sml-layout":"","ast-disable-related-posts":"","theme-transparent-header-meta":"","adv-header-id-meta":"","stick-header-meta":"","header-above-stick-meta":"","header-main-stick-meta":"","header-below-stick-meta":"","astra-migrate-meta-layouts":"default","ast-page-background-enabled":"default","ast-page-background-meta":{"desktop":{"background-color":"var(--ast-global-color-4)","background-image":"","background-repeat":"repeat","background-position":"center center","background-size":"auto","background-attachment":"scroll","background-type":"","background-media":"","overlay-type":"","overlay-color":"","overlay-opacity":"","overlay-gradient":""},"tablet":{"background-color":"","background-image":"","background-repeat":"repeat","background-position":"center center","background-size":"auto","background-attachment":"scroll","background-type":"","background-media":"","overlay-type":"","overlay-color":"","overlay-opacity":"","overlay-gradient":""},"mobile":{"background-color":"","background-image":"","background-repeat":"repeat","background-position":"center center","background-size":"auto","background-attachment":"scroll","background-type":"","background-media":"","overlay-type":"","overlay-color":"","overlay-opacity":"","overlay-gradient":""}},"ast-content-background-meta":{"desktop":{"background-color":"var(--ast-global-color-5)","background-image":"","background-repeat":"repeat","background-position":"center center","background-size":"auto","background-attachment":"scroll","background-type":"","background-media":"","overlay-type":"","overlay-color":"","overlay-opacity":"","overlay-gradient":""},"tablet":{"background-color":"var(--ast-global-color-5)","background-image":"","background-repeat":"repeat","background-position":"center center","background-size":"auto","background-attachment":"scroll","background-type":"","background-media":"","overlay-type":"","overlay-color":"","overlay-opacity":"","overlay-gradient":""},"mobile":{"background-color":"var(--ast-global-color-5)","background-image":"","background-repeat":"repeat","background-position":"center center","background-size":"auto","background-attachment":"scroll","background-type":"","background-media":"","overlay-type":"","overlay-color":"","overlay-opacity":"","overlay-gradient":""}},"footnotes":""},"class_list":["post-2005","page","type-page","status-publish","hentry"],"_links":{"self":[{"href":"https:\/\/brasilacres.com.br\/site\/wp-json\/wp\/v2\/pages\/2005","targetHints":{"allow":["GET"]}}],"collection":[{"href":"https:\/\/brasilacres.com.br\/site\/wp-json\/wp\/v2\/pages"}],"about":[{"href":"https:\/\/brasilacres.com.br\/site\/wp-json\/wp\/v2\/types\/page"}],"author":[{"embeddable":true,"href":"https:\/\/brasilacres.com.br\/site\/wp-json\/wp\/v2\/users\/1"}],"replies":[{"embeddable":true,"href":"https:\/\/brasilacres.com.br\/site\/wp-json\/wp\/v2\/comments?post=2005"}],"version-history":[{"count":25,"href":"https:\/\/brasilacres.com.br\/site\/wp-json\/wp\/v2\/pages\/2005\/revisions"}],"predecessor-version":[{"id":3608,"href":"https:\/\/brasilacres.com.br\/site\/wp-json\/wp\/v2\/pages\/2005\/revisions\/3608"}],"wp:attachment":[{"href":"https:\/\/brasilacres.com.br\/site\/wp-json\/wp\/v2\/media?parent=2005"}],"curies":[{"name":"wp","href":"https:\/\/api.w.org\/{rel}","templated":true}]}}