{"id":2244,"date":"2024-06-10T11:42:57","date_gmt":"2024-06-10T14:42:57","guid":{"rendered":"https:\/\/brasilacres.com.br\/site\/?page_id=2244"},"modified":"2024-09-30T15:39:54","modified_gmt":"2024-09-30T18:39:54","slug":"escadinha_40_descricao","status":"publish","type":"page","link":"https:\/\/brasilacres.com.br\/site\/escadinha_40_descricao\/","title":{"rendered":"ESCADINHA_40_DESCRICAO"},"content":{"rendered":"\t\t<div data-elementor-type=\"wp-page\" data-elementor-id=\"2244\" class=\"elementor elementor-2244\" data-elementor-post-type=\"page\">\n\t\t\t\t<div class=\"elementor-element elementor-element-fa98b88 e-con-full e-flex e-con e-parent\" data-id=\"fa98b88\" data-element_type=\"container\" data-e-type=\"container\">\n\t\t\t\t<div class=\"elementor-element elementor-element-6c85bb4 zoooom elementor-widget elementor-widget-image\" data-id=\"6c85bb4\" data-element_type=\"widget\" data-e-type=\"widget\" data-widget_type=\"image.default\">\n\t\t\t\t<div class=\"elementor-widget-container\">\n\t\t\t\t\t\t\t\t\t\t\t\t\t\t\t<img fetchpriority=\"high\" decoding=\"async\" width=\"1024\" height=\"819\" src=\"https:\/\/brasilacres.com.br\/site\/wp-content\/uploads\/2024\/09\/Escadinha-40cm-1024x819.jpg\" class=\"attachment-large size-large wp-image-3685\" alt=\"\" srcset=\"https:\/\/brasilacres.com.br\/site\/wp-content\/uploads\/2024\/09\/Escadinha-40cm-1024x819.jpg 1024w, https:\/\/brasilacres.com.br\/site\/wp-content\/uploads\/2024\/09\/Escadinha-40cm-300x240.jpg 300w, https:\/\/brasilacres.com.br\/site\/wp-content\/uploads\/2024\/09\/Escadinha-40cm-768x614.jpg 768w, https:\/\/brasilacres.com.br\/site\/wp-content\/uploads\/2024\/09\/Escadinha-40cm.jpg 1200w\" sizes=\"(max-width: 1024px) 100vw, 1024px\" \/>\t\t\t\t\t\t\t\t\t\t\t\t\t\t\t<\/div>\n\t\t\t\t<\/div>\n\t\t\t\t<\/div>\n\t\t<div class=\"elementor-element elementor-element-c83b374 e-grid e-con-boxed e-con e-parent\" data-id=\"c83b374\" data-element_type=\"container\" data-e-type=\"container\">\n\t\t\t\t\t<div class=\"e-con-inner\">\n\t\t\t\t<div class=\"elementor-element elementor-element-de10f82 elementor-widget elementor-widget-text-editor\" data-id=\"de10f82\" data-element_type=\"widget\" data-e-type=\"widget\" data-widget_type=\"text-editor.default\">\n\t\t\t\t<div class=\"elementor-widget-container\">\n\t\t\t\t\t\t\t\t\t<h4>Modelo: BR 40<\/h4><div><strong>Escadinha Super Fibra<\/strong><\/div><div>\u00a0<\/div><ul><li><strong style=\"font-size: 16px;\">Material:<\/strong><span style=\"font-size: 16px;\">\u00a0Polipropileno PP<\/span><\/li><li><strong>Tamanho geral:<\/strong> 40cm<\/li><li><strong>Comprimento da plaqueta:<\/strong> 6cm<\/li><li><strong>Largura da plaqueta:<\/strong> 2.5cm<\/li><li><strong>Comprimento Escada:<\/strong> 34cm<\/li><li><strong>Largura Escada:<\/strong>0,4cm<\/li><li><strong>Trava:<\/strong>\u00a02 Travas<\/li><\/ul>\t\t\t\t\t\t\t\t<\/div>\n\t\t\t\t<\/div>\n\t\t\t\t\t<\/div>\n\t\t\t\t<\/div>\n\t\t<div class=\"elementor-element elementor-element-a3edc6f e-flex e-con-boxed e-con e-parent\" data-id=\"a3edc6f\" data-element_type=\"container\" data-e-type=\"container\">\n\t\t\t\t\t<div class=\"e-con-inner\">\n\t\t\t\t<div class=\"elementor-element elementor-element-fabfe56 elementor-widget elementor-widget-text-editor\" data-id=\"fabfe56\" data-element_type=\"widget\" data-e-type=\"widget\" data-widget_type=\"text-editor.default\">\n\t\t\t\t<div class=\"elementor-widget-container\">\n\t\t\t\t\t\t\t\t\t<p>Lacre em pl\u00e1stico Polipropileno mat\u00e9ria- prima 100% virgem de origem Nacional e de acordo com a normativa Europ\u00e9ia ROHS (livre de subst\u00e2ncia pesadas nocivas \u00e1 sa\u00fade) com resist\u00eancia t\u00e9rmica de 40\u00ba c a + 85\u00ba c que garante qualidade, praticidade, flexibilidade e resist\u00eancia a tra\u00e7\u00e3o nas suas diversas aplica\u00e7\u00f5es, com \u00f3timas propriedades mec\u00e2nicas e sem necessidade de ferramenta de aperto \/ fechamento.<\/p><p><strong>Aplica\u00e7\u00f5es<\/strong>: Empresas de Transportes de Cargas, Valores e Combustiveis, Ind\u00fastria Farmac\u00eautica, Ind\u00fastria Quimica, Saco de Rafia, Usinas, Containeres, Embalagens, entre outras finalidades.<\/p><p><strong>Grava\u00e7\u00e3o a laser:<\/strong> \u00a0cria marca\u00e7\u00f5es indel\u00e9veis no lacre, imposs\u00edveis de remover sem danific\u00e1-lo. O processo \u00e9 vers\u00e1til, permitindo v\u00e1rias combina\u00e7\u00f5es de numera\u00e7\u00e3o, c\u00f3digos de barras e logomarca do cliente.<\/p><p><strong>Grava\u00e7\u00e3o Hot-stamping:<\/strong> \u00e9 utilizado para criar uma marca\u00e7\u00e3o em baixo relevo indel\u00e9vel no material pl\u00e1stico. A numera\u00e7\u00e3o cronol\u00f3gica tem sete d\u00edgitos com ou sem a logomarca do cliente.<\/p><p><strong>Cores<\/strong>: Azul, Laranja, Amarelo, Vermelho, Verde, Cinza, Preto e Branco.<\/p>\t\t\t\t\t\t\t\t<\/div>\n\t\t\t\t<\/div>\n\t\t\t\t\t<\/div>\n\t\t\t\t<\/div>\n\t\t<div class=\"elementor-element elementor-element-1dfc603 e-flex e-con-boxed e-con e-parent\" data-id=\"1dfc603\" data-element_type=\"container\" data-e-type=\"container\">\n\t\t\t\t\t<div class=\"e-con-inner\">\n\t\t\t\t<div class=\"elementor-element elementor-element-7767cb6 elementor-widget__width-initial elementor-widget elementor-widget-image\" data-id=\"7767cb6\" data-element_type=\"widget\" data-e-type=\"widget\" data-widget_type=\"image.default\">\n\t\t\t\t<div class=\"elementor-widget-container\">\n\t\t\t\t\t\t\t\t\t\t\t\t\t\t\t<img decoding=\"async\" width=\"239\" height=\"30\" src=\"https:\/\/brasilacres.com.br\/site\/wp-content\/uploads\/2024\/06\/colors.png\" class=\"attachment-full size-full wp-image-1670\" alt=\"\" \/>\t\t\t\t\t\t\t\t\t\t\t\t\t\t\t<\/div>\n\t\t\t\t<\/div>\n\t\t\t\t\t<\/div>\n\t\t\t\t<\/div>\n\t\t<div class=\"elementor-element elementor-element-b4ea260 e-flex e-con-boxed e-con e-parent\" data-id=\"b4ea260\" data-element_type=\"container\" data-e-type=\"container\">\n\t\t\t\t\t<div class=\"e-con-inner\">\n\t\t\t\t<div class=\"elementor-element elementor-element-fce76f1 elementor-widget elementor-widget-text-editor\" data-id=\"fce76f1\" data-element_type=\"widget\" data-e-type=\"widget\" data-widget_type=\"text-editor.default\">\n\t\t\t\t<div class=\"elementor-widget-container\">\n\t\t\t\t\t\t\t\t\tCentral de Vendas: (11) 2614-7342 &#8211; (11) 2614-7341 &#8211; WhatsApp: (11) 2614-7343 <br>Av. Raimundo Pereira de Magalh\u00e3es n\u00ba 11.773 &#8211; Jd. Pirituba &#8211; S\u00e3o Paulo &#8211; SP <br>CNPJ: 37.568.022\/0001-62 &#8211; I.E: 129.169.811.114\t\t\t\t\t\t\t\t<\/div>\n\t\t\t\t<\/div>\n\t\t\t\t\t<\/div>\n\t\t\t\t<\/div>\n\t\t\t\t<\/div>\n\t\t","protected":false},"excerpt":{"rendered":"<p>Modelo: BR 40 Escadinha Super Fibra\u00a0 Material:\u00a0Polipropileno PP Tamanho geral: 40cm Comprimento da plaqueta: 6cm Largura da plaqueta: 2.5cm Comprimento [&hellip;]<\/p>\n","protected":false},"author":1,"featured_media":0,"parent":0,"menu_order":0,"comment_status":"closed","ping_status":"closed","template":"","meta":{"site-sidebar-layout":"no-sidebar","site-content-layout":"","ast-site-content-layout":"full-width-container","site-content-style":"default","site-sidebar-style":"default","ast-global-header-display":"","ast-banner-title-visibility":"","ast-main-header-display":"","ast-hfb-above-header-display":"","ast-hfb-below-header-display":"","ast-hfb-mobile-header-display":"","site-post-title":"disabled","ast-breadcrumbs-content":"","ast-featured-img":"disabled","footer-sml-layout":"","ast-disable-related-posts":"","theme-transparent-header-meta":"","adv-header-id-meta":"","stick-header-meta":"","header-above-stick-meta":"","header-main-stick-meta":"","header-below-stick-meta":"","astra-migrate-meta-layouts":"default","ast-page-background-enabled":"default","ast-page-background-meta":{"desktop":{"background-color":"var(--ast-global-color-4)","background-image":"","background-repeat":"repeat","background-position":"center center","background-size":"auto","background-attachment":"scroll","background-type":"","background-media":"","overlay-type":"","overlay-color":"","overlay-opacity":"","overlay-gradient":""},"tablet":{"background-color":"","background-image":"","background-repeat":"repeat","background-position":"center center","background-size":"auto","background-attachment":"scroll","background-type":"","background-media":"","overlay-type":"","overlay-color":"","overlay-opacity":"","overlay-gradient":""},"mobile":{"background-color":"","background-image":"","background-repeat":"repeat","background-position":"center center","background-size":"auto","background-attachment":"scroll","background-type":"","background-media":"","overlay-type":"","overlay-color":"","overlay-opacity":"","overlay-gradient":""}},"ast-content-background-meta":{"desktop":{"background-color":"var(--ast-global-color-5)","background-image":"","background-repeat":"repeat","background-position":"center center","background-size":"auto","background-attachment":"scroll","background-type":"","background-media":"","overlay-type":"","overlay-color":"","overlay-opacity":"","overlay-gradient":""},"tablet":{"background-color":"var(--ast-global-color-5)","background-image":"","background-repeat":"repeat","background-position":"center center","background-size":"auto","background-attachment":"scroll","background-type":"","background-media":"","overlay-type":"","overlay-color":"","overlay-opacity":"","overlay-gradient":""},"mobile":{"background-color":"var(--ast-global-color-5)","background-image":"","background-repeat":"repeat","background-position":"center center","background-size":"auto","background-attachment":"scroll","background-type":"","background-media":"","overlay-type":"","overlay-color":"","overlay-opacity":"","overlay-gradient":""}},"footnotes":""},"class_list":["post-2244","page","type-page","status-publish","hentry"],"_links":{"self":[{"href":"https:\/\/brasilacres.com.br\/site\/wp-json\/wp\/v2\/pages\/2244","targetHints":{"allow":["GET"]}}],"collection":[{"href":"https:\/\/brasilacres.com.br\/site\/wp-json\/wp\/v2\/pages"}],"about":[{"href":"https:\/\/brasilacres.com.br\/site\/wp-json\/wp\/v2\/types\/page"}],"author":[{"embeddable":true,"href":"https:\/\/brasilacres.com.br\/site\/wp-json\/wp\/v2\/users\/1"}],"replies":[{"embeddable":true,"href":"https:\/\/brasilacres.com.br\/site\/wp-json\/wp\/v2\/comments?post=2244"}],"version-history":[{"count":31,"href":"https:\/\/brasilacres.com.br\/site\/wp-json\/wp\/v2\/pages\/2244\/revisions"}],"predecessor-version":[{"id":3688,"href":"https:\/\/brasilacres.com.br\/site\/wp-json\/wp\/v2\/pages\/2244\/revisions\/3688"}],"wp:attachment":[{"href":"https:\/\/brasilacres.com.br\/site\/wp-json\/wp\/v2\/media?parent=2244"}],"curies":[{"name":"wp","href":"https:\/\/api.w.org\/{rel}","templated":true}]}}