{"id":3897,"date":"2024-10-16T15:03:24","date_gmt":"2024-10-16T18:03:24","guid":{"rendered":"https:\/\/brasilacres.com.br\/site\/?page_id=3897"},"modified":"2024-10-16T15:14:13","modified_gmt":"2024-10-16T18:14:13","slug":"resolucao-da-anp-898-2022","status":"publish","type":"page","link":"https:\/\/brasilacres.com.br\/site\/resolucao-da-anp-898-2022\/","title":{"rendered":"Resolu\u00e7\u00e3o da ANP 898\/2022"},"content":{"rendered":"\t\t<div data-elementor-type=\"wp-page\" data-elementor-id=\"3897\" class=\"elementor elementor-3897\" data-elementor-post-type=\"page\">\n\t\t\t\t<div class=\"elementor-element elementor-element-1954d26 e-flex e-con-boxed e-con e-parent\" data-id=\"1954d26\" data-element_type=\"container\" data-e-type=\"container\">\n\t\t\t\t\t<div class=\"e-con-inner\">\n\t\t\t\t<div class=\"elementor-element elementor-element-5708582 elementor-widget elementor-widget-heading\" data-id=\"5708582\" data-element_type=\"widget\" data-e-type=\"widget\" data-widget_type=\"heading.default\">\n\t\t\t\t<div class=\"elementor-widget-container\">\n\t\t\t\t\t<h2 class=\"elementor-heading-title elementor-size-default\">Resolu\u00e7\u00e3o da ANP 898\/2022<\/h2>\t\t\t\t<\/div>\n\t\t\t\t<\/div>\n\t\t\t\t<div class=\"elementor-element elementor-element-ce62d0a elementor-widget elementor-widget-image\" data-id=\"ce62d0a\" data-element_type=\"widget\" data-e-type=\"widget\" data-widget_type=\"image.default\">\n\t\t\t\t<div class=\"elementor-widget-container\">\n\t\t\t\t\t\t\t\t\t\t\t\t\t\t\t<img fetchpriority=\"high\" decoding=\"async\" width=\"1024\" height=\"512\" src=\"https:\/\/brasilacres.com.br\/site\/wp-content\/uploads\/2024\/10\/Resolucao-da-ANP-1024x512.jpg\" class=\"attachment-large size-large wp-image-3900\" alt=\"\" srcset=\"https:\/\/brasilacres.com.br\/site\/wp-content\/uploads\/2024\/10\/Resolucao-da-ANP-1024x512.jpg 1024w, https:\/\/brasilacres.com.br\/site\/wp-content\/uploads\/2024\/10\/Resolucao-da-ANP-300x150.jpg 300w, https:\/\/brasilacres.com.br\/site\/wp-content\/uploads\/2024\/10\/Resolucao-da-ANP-768x384.jpg 768w, https:\/\/brasilacres.com.br\/site\/wp-content\/uploads\/2024\/10\/Resolucao-da-ANP.jpg 1200w\" sizes=\"(max-width: 1024px) 100vw, 1024px\" \/>\t\t\t\t\t\t\t\t\t\t\t\t\t\t\t<\/div>\n\t\t\t\t<\/div>\n\t\t\t\t\t<\/div>\n\t\t\t\t<\/div>\n\t\t<div class=\"elementor-element elementor-element-d788dea e-flex e-con-boxed e-con e-parent\" data-id=\"d788dea\" data-element_type=\"container\" data-e-type=\"container\">\n\t\t\t\t\t<div class=\"e-con-inner\">\n\t\t\t\t<div class=\"elementor-element elementor-element-465389a elementor-widget elementor-widget-text-editor\" data-id=\"465389a\" data-element_type=\"widget\" data-e-type=\"widget\" data-widget_type=\"text-editor.default\">\n\t\t\t\t<div class=\"elementor-widget-container\">\n\t\t\t\t\t\t\t\t\t<p>A\u00a0<strong>Resolu\u00e7\u00e3o ANP n\u00ba 898\/2022<\/strong>, da Ag\u00eancia Nacional do Petr\u00f3leo, G\u00e1s Natural e Biocombust\u00edveis (ANP), estabelece as\u00a0<strong>normas de controle e fiscaliza\u00e7\u00e3o<\/strong>\u00a0para o mercado de combust\u00edveis no Brasil. Ela refor\u00e7a mecanismos que garantem a conformidade dos agentes regulados, principalmente revendedores, distribuidores e transportadores, com o objetivo de aumentar a transpar\u00eancia e combater fraudes e sonega\u00e7\u00e3o fiscal no setor.<\/p><h4>Principais pontos da Resolu\u00e7\u00e3o:<\/h4><ol><li><p><strong>Obrigatoriedade de utiliza\u00e7\u00e3o de lacres<\/strong>:<\/p><ul><li>Um dos aspectos mais relevantes da Resolu\u00e7\u00e3o \u00e9 a exig\u00eancia de uso de\u00a0<strong>lacres inviol\u00e1veis<\/strong>\u00a0em bombas de combust\u00edveis, tanques de armazenamento e outros pontos sens\u00edveis para garantir a integridade dos volumes e qualidade dos combust\u00edveis.<\/li><li>Estes lacres devem ser homologados pela ANP e utilizados de forma padronizada, assegurando que qualquer manipula\u00e7\u00e3o indevida seja detectada de forma r\u00e1pida.<\/li><\/ul><\/li><li><p><strong>Responsabilidade dos agentes regulados<\/strong>:<\/p><ul><li>Empresas distribuidoras, revendedores e transportadoras s\u00e3o obrigadas a garantir que o combust\u00edvel entregue ao consumidor final tenha passado por todas as etapas de controle estabelecidas pela ANP.<\/li><li>As penalidades para descumprimento dessas regras podem variar de advert\u00eancias a multas pesadas e at\u00e9 suspens\u00e3o de licen\u00e7as de opera\u00e7\u00e3o.<\/li><\/ul><\/li><li><p><strong>Fiscaliza\u00e7\u00e3o e controle<\/strong>:<\/p><ul><li>A ANP intensifica as fiscaliza\u00e7\u00f5es para assegurar que as regras sejam seguidas \u00e0 risca, incluindo a verifica\u00e7\u00e3o do uso correto de lacres e das notas fiscais para rastreamento de volumes e proced\u00eancia dos combust\u00edveis.<\/li><li>O sistema de fiscaliza\u00e7\u00e3o tamb\u00e9m envolve parcerias com \u00f3rg\u00e3os como o Procon e o Minist\u00e9rio da Justi\u00e7a.<\/li><\/ul><\/li><\/ol><p>Essa resolu\u00e7\u00e3o visa garantir maior seguran\u00e7a e confiabilidade no mercado de combust\u00edveis, combatendo pr\u00e1ticas irregulares e garantindo a prote\u00e7\u00e3o do consumidor.<\/p>\t\t\t\t\t\t\t\t<\/div>\n\t\t\t\t<\/div>\n\t\t\t\t\t<\/div>\n\t\t\t\t<\/div>\n\t\t\t\t<\/div>\n\t\t","protected":false},"excerpt":{"rendered":"<p>Resolu\u00e7\u00e3o da ANP 898\/2022 A\u00a0Resolu\u00e7\u00e3o ANP n\u00ba 898\/2022, da Ag\u00eancia Nacional do Petr\u00f3leo, G\u00e1s Natural e Biocombust\u00edveis (ANP), estabelece as\u00a0normas [&hellip;]<\/p>\n","protected":false},"author":1,"featured_media":0,"parent":0,"menu_order":0,"comment_status":"closed","ping_status":"closed","template":"","meta":{"site-sidebar-layout":"no-sidebar","site-content-layout":"","ast-site-content-layout":"full-width-container","site-content-style":"default","site-sidebar-style":"default","ast-global-header-display":"","ast-banner-title-visibility":"","ast-main-header-display":"","ast-hfb-above-header-display":"","ast-hfb-below-header-display":"","ast-hfb-mobile-header-display":"","site-post-title":"disabled","ast-breadcrumbs-content":"","ast-featured-img":"disabled","footer-sml-layout":"","ast-disable-related-posts":"","theme-transparent-header-meta":"","adv-header-id-meta":"","stick-header-meta":"","header-above-stick-meta":"","header-main-stick-meta":"","header-below-stick-meta":"","astra-migrate-meta-layouts":"default","ast-page-background-enabled":"default","ast-page-background-meta":{"desktop":{"background-color":"var(--ast-global-color-4)","background-image":"","background-repeat":"repeat","background-position":"center center","background-size":"auto","background-attachment":"scroll","background-type":"","background-media":"","overlay-type":"","overlay-color":"","overlay-opacity":"","overlay-gradient":""},"tablet":{"background-color":"","background-image":"","background-repeat":"repeat","background-position":"center center","background-size":"auto","background-attachment":"scroll","background-type":"","background-media":"","overlay-type":"","overlay-color":"","overlay-opacity":"","overlay-gradient":""},"mobile":{"background-color":"","background-image":"","background-repeat":"repeat","background-position":"center center","background-size":"auto","background-attachment":"scroll","background-type":"","background-media":"","overlay-type":"","overlay-color":"","overlay-opacity":"","overlay-gradient":""}},"ast-content-background-meta":{"desktop":{"background-color":"var(--ast-global-color-5)","background-image":"","background-repeat":"repeat","background-position":"center center","background-size":"auto","background-attachment":"scroll","background-type":"","background-media":"","overlay-type":"","overlay-color":"","overlay-opacity":"","overlay-gradient":""},"tablet":{"background-color":"var(--ast-global-color-5)","background-image":"","background-repeat":"repeat","background-position":"center center","background-size":"auto","background-attachment":"scroll","background-type":"","background-media":"","overlay-type":"","overlay-color":"","overlay-opacity":"","overlay-gradient":""},"mobile":{"background-color":"var(--ast-global-color-5)","background-image":"","background-repeat":"repeat","background-position":"center center","background-size":"auto","background-attachment":"scroll","background-type":"","background-media":"","overlay-type":"","overlay-color":"","overlay-opacity":"","overlay-gradient":""}},"footnotes":""},"class_list":["post-3897","page","type-page","status-publish","hentry"],"_links":{"self":[{"href":"https:\/\/brasilacres.com.br\/site\/wp-json\/wp\/v2\/pages\/3897","targetHints":{"allow":["GET"]}}],"collection":[{"href":"https:\/\/brasilacres.com.br\/site\/wp-json\/wp\/v2\/pages"}],"about":[{"href":"https:\/\/brasilacres.com.br\/site\/wp-json\/wp\/v2\/types\/page"}],"author":[{"embeddable":true,"href":"https:\/\/brasilacres.com.br\/site\/wp-json\/wp\/v2\/users\/1"}],"replies":[{"embeddable":true,"href":"https:\/\/brasilacres.com.br\/site\/wp-json\/wp\/v2\/comments?post=3897"}],"version-history":[{"count":16,"href":"https:\/\/brasilacres.com.br\/site\/wp-json\/wp\/v2\/pages\/3897\/revisions"}],"predecessor-version":[{"id":3917,"href":"https:\/\/brasilacres.com.br\/site\/wp-json\/wp\/v2\/pages\/3897\/revisions\/3917"}],"wp:attachment":[{"href":"https:\/\/brasilacres.com.br\/site\/wp-json\/wp\/v2\/media?parent=3897"}],"curies":[{"name":"wp","href":"https:\/\/api.w.org\/{rel}","templated":true}]}}